{"id":576,"date":"2025-12-22T10:17:58","date_gmt":"2025-12-22T10:17:58","guid":{"rendered":"https:\/\/www.lohnarbeit-metall.de\/?page_id=576"},"modified":"2025-12-22T10:18:48","modified_gmt":"2025-12-22T10:18:48","slug":"datenschutz","status":"publish","type":"page","link":"https:\/\/www.lohnarbeit-metall.de\/index.php\/datenschutz\/","title":{"rendered":"Datenschutz"},"content":{"rendered":"\n<h2 class=\"wp-block-heading\"><\/h2>\n\n\n\n<h2 class=\"wp-block-heading\">1. Datenschutz auf einen Blick<\/h2>\n\n\n\n<h3 class=\"wp-block-heading\">Allgemeine Hinweise<\/h3>\n\n\n\n<p>Die folgenden Hinweise geben einen einfachen \u00dcberblick dar\u00fcber, was mit Ihren personenbezogenen Daten passiert, wenn Sie unsere Website besuchen. Personenbezogene Daten sind alle Daten, mit denen Sie pers\u00f6nlich identifiziert werden k\u00f6nnen. Ausf\u00fchrliche Informationen zum Thema Datenschutz entnehmen Sie unserer unter diesem Text aufgef\u00fchrten Datenschutzerkl\u00e4rung.<\/p>\n\n\n\n<p><strong>Datenerfassung auf unserer Website<\/strong><\/p>\n\n\n\n<p><strong>Wer ist verantwortlich f\u00fcr die Datenerfassung auf dieser Website?<\/strong><br>Die Datenverarbeitung auf dieser Website erfolgt durch den Websitebetreiber. Dessen Kontaktdaten k\u00f6nnen Sie dem Impressum dieser Website entnehmen.<\/p>\n\n\n\n<p><strong>Wie erfassen wir Ihre Daten?<\/strong><br>Ihre Daten werden zum einen dadurch erhoben, dass Sie uns diese mitteilen. Hierbei kann es sich z.B. um Daten handeln, die Sie in ein Kontaktformular eingeben.<br>Andere Daten werden automatisch beim Besuch der Website durch unsere IT-Systeme erfasst. Das sind vor allem technische Daten (z.B. Internetbrowser, Betriebssystem oder Uhrzeit des Seitenaufrufs). Die Erfassung dieser Daten erfolgt automatisch, sobald Sie unsere Website betreten.<\/p>\n\n\n\n<p><strong>Wof\u00fcr nutzen wir Ihre Daten?<\/strong><br>Ein Teil der Daten wird erhoben, um eine fehlerfreie Bereitstellung der Website zu gew\u00e4hrleisten. Andere Daten k\u00f6nnen zur Analyse Ihres Nutzerverhaltens verwendet werden.<\/p>\n\n\n\n<p><strong>Welche Rechte haben Sie bez\u00fcglich Ihrer Daten?<\/strong><\/p>\n\n\n\n<p>Sie haben das Recht:<br>\u2022 gem\u00e4\u00df Art. 15 DSGVO Auskunft \u00fcber Ihre von uns verarbeiteten personenbezogenen Daten zu verlangen. Insbesondere k\u00f6nnen Sie Auskunft \u00fcber die Verarbeitungszwecke, die Kategorie der personenbezogenen Daten, die Kategorien von Empf\u00e4ngern, gegen\u00fcber denen Ihre Daten offengelegt wurden oder werden, die geplante Speicherdauer, das Bestehen eines Rechts auf Berichtigung, L\u00f6schung, Einschr\u00e4nkung der Verarbeitung oder Widerspruch, das Bestehen eines Beschwerderechts, die Herkunft ihrer Daten, sofern diese nicht bei uns erhoben wurden, sowie \u00fcber das Bestehen einer automatisierten Entscheidungsfindung einschlie\u00dflich Profiling und ggf. aussagekr\u00e4ftigen Informationen zu deren Einzelheiten verlangen;<br>\u2022 gem\u00e4\u00df Art. 16 DSGVO unverz\u00fcglich die Berichtigung unrichtiger oder Vervollst\u00e4ndigung Ihrer bei uns gespeicherten personenbezogenen Daten zu verlangen;<br>\u2022 gem\u00e4\u00df Art. 17 DSGVO die L\u00f6schung Ihrer bei uns gespeicherten personenbezogenen Daten zu verlangen, soweit nicht die Verarbeitung zur Aus\u00fcbung des Rechts auf freie Meinungs\u00e4u\u00dferung und Information, zur Erf\u00fcllung einer rechtlichen Verpflichtung, aus Gr\u00fcnden des \u00f6ffentlichen Interesses oder zur Geltendmachung, Aus\u00fcbung oder Verteidigung von Rechtsanspr\u00fcchen erforderlich ist;<br>\u2022 gem\u00e4\u00df Art. 18 DSGVO die Einschr\u00e4nkung der Verarbeitung Ihrer personenbezogenen Daten zu verlangen, soweit die Richtigkeit der Daten von Ihnen bestritten wird, die Verarbeitung unrechtm\u00e4\u00dfig ist, Sie aber deren L\u00f6schung ablehnen und wir die Daten nicht mehr ben\u00f6tigen, Sie jedoch diese zur Geltendmachung, Aus\u00fcbung oder Verteidigung von Rechtsanspr\u00fcchen ben\u00f6tigen oder Sie gem\u00e4\u00df Art. 21 DSGVO Widerspruch gegen die Verarbeitung eingelegt haben;<br>\u2022 gem\u00e4\u00df Art. 20 DSGVO Ihre personenbezogenen Daten, die Sie uns bereitgestellt haben, in einem strukturierten, g\u00e4ngigen und maschinenlesebaren Format zu erhalten oder die \u00dcbermittlung an einen anderen Verantwortlichen zu verlangen. Sofern Sie die direkte \u00dcbertragung der Daten an einen anderen Verantwortlichen verlangen, erfolgt dies nur, soweit es technisch machbar ist;<br>\u2022 gem\u00e4\u00df Art. 7 Abs. 3 DSGVO Ihre einmal erteilte Einwilligung jederzeit gegen\u00fcber uns zu widerrufen. Dies hat zur Folge, dass wir die Datenverarbeitung, die auf dieser Einwilligung beruhte, f\u00fcr die Zukunft nicht mehr fortf\u00fchren d\u00fcrfen und<br>\u2022 gem\u00e4\u00df Art. 77 DSGVO sich bei einer Aufsichtsbeh\u00f6rde zu beschweren. In der Regel k\u00f6nnen Sie sich hierf\u00fcr an die Aufsichtsbeh\u00f6rde Ihres \u00fcblichen Aufenthaltsortes oder Arbeitsplatzes wenden. Eine Liste der Datenschutzbeauftragten sowie deren Kontaktdaten k\u00f6nnen folgendem Link entnommen werden: https:\/\/www.bfdi.bund.de\/DE\/Infothek\/Anschriften_Links\/anschriften_links-node.html.<\/p>\n\n\n\n<p><strong>Widerspruchsrecht<\/strong><br>Sofern Ihre personenbezogenen Daten auf Grundlage von berechtigten Interessen gem\u00e4\u00df Art. 6 Abs. 1 S. 1 lit. f DSGVO verarbeitet werden, haben Sie das Recht, gem\u00e4\u00df Art. 21 DSGVO Widerspruch gegen die Verarbeitung Ihrer personenbezogenen Daten einzulegen, soweit daf\u00fcr Gr\u00fcnde vorliegen, die sich aus Ihrer besonderen Situation ergeben oder sich der Widerspruch gegen Direktwerbung richtet. Im letzteren Fall haben Sie ein generelles Widerspruchsrecht, das ohne Angabe einer besonderen Situation von uns umgesetzt wird.<br>M\u00f6chten Sie von Ihrem Widerrufs- oder Widerspruchsrecht Gebrauch machen, gen\u00fcgt eine E-Mail an datenschutz@mueller-zulieferer.de.<\/p>\n\n\n\n<h4 class=\"wp-block-heading\">2. Allgemeine Hinweise und Pflichtinformationen<\/h4>\n\n\n\n<p><strong>Datenschutz<\/strong><br>Die Betreiber dieser Seiten nehmen den Schutz Ihrer pers\u00f6nlichen Daten sehr ernst. Wir behandeln Ihre personenbezogenen Daten vertraulich und entsprechend der gesetzlichen Datenschutzvorschriften sowie dieser Datenschutzerkl\u00e4rung.<\/p>\n\n\n\n<p>Wenn Sie diese Website benutzen, werden verschiedene personenbezogene Daten erhoben. Personenbezogene Daten sind Daten, mit denen Sie pers\u00f6nlich identifiziert werden k\u00f6nnen. Die vorliegende Datenschutzerkl\u00e4rung erl\u00e4utert, welche Daten wir erheben und wof\u00fcr wir sie nutzen. Sie erl\u00e4utert auch, wie und zu welchem Zweck das geschieht.<\/p>\n\n\n\n<p>Wir weisen darauf hin, dass die Daten\u00fcbertragung im Internet (z.B. bei der Kommunikation per E-Mail) Sicherheitsl\u00fccken aufweisen kann. Ein l\u00fcckenloser Schutz der Daten vor dem Zugriff durch Dritte ist nicht m\u00f6glich.<\/p>\n\n\n\n<p><strong>Hinweis zur verantwortlichen Stelle<\/strong><br><strong>Die verantwortliche Stelle f\u00fcr die Datenverarbeitung auf dieser Website ist:<\/strong><\/p>\n\n\n\n<p>Hans M\u00fcller<br>Mechanische Werkstatt GmbH &amp; Co. KG<br>Edinger Str. 19<br>Telefonnummer: 02772\/ 51088<br>35764 Sinn-Fleisbach<br>Internet: www.mueller-zulieferer.de<\/p>\n\n\n\n<p>Verantwortliche Stelle ist die nat\u00fcrliche oder juristische Person, die allein oder gemeinsam mit anderen \u00fcber die Zwecke und Mittel der Verarbeitung von personenbezogenen Daten (z.B. Namen, E-Mail-Adressen o. \u00c4.) entscheidet.<\/p>\n\n\n\n<p><strong>Widerruf Ihrer Einwilligung zur Datenverarbeitung<\/strong><br>Viele Datenverarbeitungsvorg\u00e4nge sind nur mit Ihrer ausdr\u00fccklichen Einwilligung m\u00f6glich. Sie k\u00f6nnen eine bereits erteilte Einwilligung jederzeit widerrufen. Dazu reicht eine formlose Mitteilung per E-Mail an info@mueller-zulieferer.de. Die Rechtm\u00e4\u00dfigkeit der bis zum Widerruf erfolgten Datenverarbeitung bleibt vom Widerruf unber\u00fchrt.<\/p>\n\n\n\n<p><strong>SSL- bzw. TLS-Verschl\u00fcsselung<\/strong><br>Diese Seite nutzt aus Sicherheitsgr\u00fcnden und zum Schutz der \u00dcbertragung vertraulicher Inhalte, wie zum Beispiel Bestellungen oder Anfragen, die Sie an uns als Seitenbetreiber senden, eine SSL-bzw. TLS-Verschl\u00fcsselung. Eine verschl\u00fcsselte Verbindung erkennen Sie daran, dass die Adresszeile des Browsers von \u201chttp:\/\/\u201d auf \u201chttps:\/\/\u201d wechselt und an dem Schloss-Symbol in Ihrer Browserzeile.<\/p>\n\n\n\n<p>Wenn die SSL- bzw. TLS-Verschl\u00fcsselung aktiviert ist, k\u00f6nnen die Daten, die Sie an uns \u00fcbermitteln, nicht von Dritten mitgelesen werden.<\/p>\n\n\n\n<p><strong>Widerspruch gegen Werbe-Mails<\/strong><br>Der Nutzung von im Rahmen der Impressumspflicht ver\u00f6ffentlichten Kontaktdaten zur \u00dcbersendung von nicht ausdr\u00fccklich angeforderter Werbung und Informationsmaterialien wird hiermit widersprochen. Die Betreiber der Seiten behalten sich ausdr\u00fccklich rechtliche Schritte im Falle der unverlangten Zusendung von Werbeinformationen, etwa durch Spam-E-Mails, vor.<\/p>\n\n\n\n<h5 class=\"wp-block-heading\"><strong>3. Datenerfassung auf unserer Website<\/strong><\/h5>\n\n\n\n<p><strong>Server-Log-Dateien<\/strong><br>Beim Aufruf unserer Internetseite unter https:\/\/mueller-zulieferer.de\/ werden durch den auf Ihrem Endger\u00e4t zum Einsatz kommenden sog. Browser automatisch Informationen an den Server unserer Internetseite gesendet. Es handelt sich um folgende Daten, die ohne Ihr Zutun erfasst und bis zur automatisierten L\u00f6schung gespeichert werden:<br>\u2022 IP-Adresse des anfragenden Rechners<br>\u2022 Datum und Uhrzeit des Zugriffs,<br>\u2022 verwendeter Browser und das Betriebssystem Ihres Rechners<br>\u2022 Name und URL der abgerufenen Datei<br>\u2022 Website, von der aus der Zugriff erfolgt (Referrer URL)<\/p>\n\n\n\n<p>Die Daten werden ebenfalls in den Logfiles unseres Systems gespeichert. Eine Speicherung dieser Daten zusammen mit anderen personenbezogenen Daten des Nutzers findet nicht statt.<\/p>\n\n\n\n<p>Die vor\u00fcbergehende Speicherung o.g. Daten durch das System ist notwendig, um eine Auslieferung der Website an den Rechner des Nutzers zu erm\u00f6glichen als auch zur Sicherstellung der Funktionsf\u00e4higkeit und Optimierung unserer Webseite sowie zur Sicherstellung der Sicherheit der informationstechnischen Systeme.<\/p>\n\n\n\n<p>Die vorgenannte Datenerhebung beruht auf Art. 6 Abs. 1 S. 1 lit. f DSGVO. Gem\u00e4\u00df Art. 6 Abs. 1 S. 1 lit. f DSGVO ist die Verarbeitung von Daten zur Wahrung berechtigter Interessen erlaubt, sofern nicht die Interessen, Grundrechte oder Grundfreiheiten betroffener Personen, die den Schutz personenbezogener Daten erfordern, \u00fcberwiegen. Unser berechtigtes Interesse ist in der sicheren Bereitstellung und Funktionsf\u00e4higkeit unserer Website zu sehen.<\/p>\n\n\n\n<p>Die Daten werden gel\u00f6scht, sobald sie f\u00fcr die Erreichung des Zweckes ihrer Erhebung nicht mehr erforderlich sind. Dies ist im Falle der Speicherung der Daten in den Logfiles nach sp\u00e4testens 30 Tagen der Fall. Ausnahme: es werden Unregelm\u00e4\u00dfigkeiten, z.B. in Form von Angriffen oder anderer rechtswidriger Handlungen erkannt. In diesen F\u00e4llen behalten wir uns vor, die Aufbewahrungsfrist auszusetzen, bis der Sachverhalt gekl\u00e4rt ist.<\/p>\n\n\n\n<p>Die Erfassung der Daten zur Bereitstellung der Internetseite und die Speicherung der Daten in Logfiles ist f\u00fcr den Betrieb der Internetseite zwingend erforderlich. Es besteht daher keine Widerspruchsm\u00f6glichkeit des Nutzers.<\/p>\n\n\n\n<p>Au\u00dfer an unseren technischen Websitebetreiber und unseren Hosting-Anbieter werden Ihre Daten von uns nicht an Dritte vermittelt. Au\u00dferdem stellen wir durch entsprechende Ma\u00dfnahmen und regelm\u00e4\u00dfige Kontrollen sicher, dass die von uns erhobenen Daten nicht durch Dritte von au\u00dfen eingesehen oder abgegriffen werden k\u00f6nnen.<\/p>\n\n\n\n<p><strong>Nutzung unseres Kontaktformulars<\/strong><br>Wenn Sie uns per Kontaktformular Anfragen zukommen lassen, werden Ihre Angaben aus dem Kontaktformular inklusive der von Ihnen dort angegebenen Kontaktdaten zwecks Bearbeitung Ihrer Anfrage an uns \u00fcbermittelt und im Anschluss durch uns verarbeitet.<br>Ihre personenbezogenen Daten k\u00f6nnen dann von unseren Mitarbeitern den jeweils zust\u00e4ndigen innerbetrieblichen Stellen und Fachabteilungen zug\u00e4nglich gemacht werden.<\/p>\n\n\n\n<p>Daf\u00fcr erheben wir folgende Pflichtdaten:<br>\u2022 Vor- und Nachname<br>\u2022 Firma<br>\u2022 E-Mailadresse<\/p>\n\n\n\n<p>Dar\u00fcber hinausgehende Informationen sind freiwillig. Die Angaben der vorgenannten Daten ist notwendig, damit wir wissen von wem die Anfrage stammt und um diese beantworten zu k\u00f6nnen. Alternativ k\u00f6nnen Sie uns eine E-Mail senden. In diesem Fall werden die mit der E-Mail \u00fcbersandten personenbezogenen Daten des Nutzers zum Zwecke der Kontaktaufnahme gespeichert.<br>Die Datenverarbeitung zum Zwecke der Kontaktaufnahme mit uns erfolgt nach Art. 6 Abs. 1 S. 1 lit. a) aufgrund Ihrer freiwillig erteilten Einwilligung.<br>Im Rahmen des Registrierungsprozesses wird eine Einwilligung des Nutzers zur Verarbeitung dieser Daten eingeholt.<br>Zur Nachweisbarkeit der Einwilligung wird im Zeitpunkt der Registrierung zudem folgende Daten gespeichert<\/p>\n\n\n\n<p>\u2022 Datum \/ Uhrzeit der RegistrierungDie w\u00e4hrend des Absendevorgangs verarbeiteten personenbezogenen Daten dienen dazu, einen Missbrauch des Kontaktformulars zu verhindern und die Sicherheit unserer informationstechnischen Systeme sicherzustellen.<\/p>\n\n\n\n<p>Die f\u00fcr die Benutzung des Kontaktformulars von uns erhobenen personenbezogenen Daten werden nach Erledigung der von Ihnen gestellten Anfrage gel\u00f6scht. Gesetzliche oder vertragliche Aufbewahrungsfristenbleiben hiervon unber\u00fchrt.<br>Es erfolgt in diesem Zusammenhang keine Weitergabe an Dritte. Die Daten dienen ausschlie\u00dflich der Kommunikation mit Ihnen.<br>Sie k\u00f6nnen der Verarbeitung Ihrer Daten jederzeit widersprechen, wenn Sie mit uns per E-Mail info@mueller-zulieferer.de oder postalisch \u00fcber der im Impressum angegeben Adresse Kontakt aufnehmen. In einem solchen Fall kann die Konversation nicht fortgef\u00fchrt werden.<\/p>\n\n\n\n<p><strong>Fonts<\/strong><br>Wir setzen auf unserer Website auf Grundlage des Art. 6 Abs. 1 S. 1 lit. f DSGVO zur einheitlichen Darstellung von Schriftarten sogenannte Fonts ein. Beim Aufruf einer Seite l\u00e4dt ihr Browser die ben\u00f6tigten Fonts in ihrem Browsercache, um Texte und Schriftarten korrekt anzuzeigen.<br>Da wir die eingebundenen Schriftarten lokal verwenden, erfolgt in diesem Zusammenhang keine Weitergabe Ihrer Daten an Dritte.<br>Der dahinterstehende Zweck ist die einheitliche und ansprechende Darstellung unserer Online Angebote, was als berechtigtes Interesse im Sinne der DSGVO anzusehen ist.<br>Wenn Ihr Browser Fonts nicht unterst\u00fctzt, wird eine Standard Schrift von Ihrem Computer genutzt.<\/p>\n\n\n\n<p><strong>Google Maps<\/strong><br>Diese Seite nutzt \u00fcber eine API den Kartendienst Google Maps. Anbieter ist die Google Inc. 1600 Amphitheatre Parkway, Mountain View, CA 94043 USA.<br>Zur Nutzung der Funktionen von Google Maps ist es notwendig, Ihre IP Adresse zu speichern. Diese Informationen werden in der Regel an einen Server von Google in den USA \u00fcbertragen und dort gespeichert. Der Anbieter dieser Seite hat keinen Einfluss auf diese Daten\u00fcbertragung.<br>Die Nutzung von Google Maps erfolgt im Interesse einer ansprechenden Darstellung unserer Online-Angebote und an einer leichten Auffindbarkeit der von uns auf der Website angegeben Orte. Dies stellt ein berechtigtes Interesse im Sinne von Art. 6 Abs. 1 lit f. DSGVO dar.<br>Mehr Informationen zum Umgang mit Nutzerdaten finden Sie in der Datenschutzerkl\u00e4rung von Google: https:\/\/www.google.de\/intl\/de\/policies\/privacy\/.<\/p>\n\n\n\n<p><strong>Keine Haftung f\u00fcr Partner-Seiten<\/strong><br>Wir weisen darauf hin, dass unsere-Partner und andere Internet-Sites und -Dienste, die durch die Webseiten von uns zug\u00e4nglich sind, eigene Datenschutzrichtlinien haben, die von uns unabh\u00e4ngig sind. Wir \u00fcbernehmen daher keine Verantwortung oder Haftung f\u00fcr diese mit uns nicht im Zusammenhang stehenden Richtlinien und Verfahren.<\/p>\n\n\n\n<p><strong>Aktualit\u00e4t und \u00c4nderung dieser Datenschutzerkl\u00e4rung<\/strong><br>Diese Datenschutzerkl\u00e4rung ist aktuell g\u00fcltig und hat den Stand 16. August 2018<br>Durch die Weiterentwicklung unserer Website und Angebote dar\u00fcber oder aufgrund ge\u00e4nderter gesetzlicher beziehungsweise beh\u00f6rdlicher Vorgaben kann es notwendig werden, diese Datenschutzerkl\u00e4rung zu \u00e4ndern. Die jeweils aktuelle Datenschutzerkl\u00e4rung kann jederzeit auf der Website unter https:\/\/mueller-zulieferer.de\/ von Ihnen abgerufen werden.<\/p>\n","protected":false},"excerpt":{"rendered":"<p>1. Datenschutz auf einen Blick Allgemeine Hinweise Die folgenden Hinweise geben einen einfachen \u00dcberblick dar\u00fcber, was mit Ihren personenbezogenen Daten passiert, wenn Sie unsere Website besuchen. Personenbezogene Daten sind alle Daten, mit denen Sie pers\u00f6nlich identifiziert werden k\u00f6nnen. Ausf\u00fchrliche Informationen zum Thema Datenschutz entnehmen Sie unserer unter diesem Text aufgef\u00fchrten Datenschutzerkl\u00e4rung. Datenerfassung auf unserer Website [&hellip;]<\/p>\n","protected":false},"author":1,"featured_media":0,"parent":0,"menu_order":0,"comment_status":"closed","ping_status":"closed","template":"","meta":{"footnotes":""},"class_list":["post-576","page","type-page","status-publish","hentry"],"_links":{"self":[{"href":"https:\/\/www.lohnarbeit-metall.de\/index.php\/wp-json\/wp\/v2\/pages\/576","targetHints":{"allow":["GET"]}}],"collection":[{"href":"https:\/\/www.lohnarbeit-metall.de\/index.php\/wp-json\/wp\/v2\/pages"}],"about":[{"href":"https:\/\/www.lohnarbeit-metall.de\/index.php\/wp-json\/wp\/v2\/types\/page"}],"author":[{"embeddable":true,"href":"https:\/\/www.lohnarbeit-metall.de\/index.php\/wp-json\/wp\/v2\/users\/1"}],"replies":[{"embeddable":true,"href":"https:\/\/www.lohnarbeit-metall.de\/index.php\/wp-json\/wp\/v2\/comments?post=576"}],"version-history":[{"count":1,"href":"https:\/\/www.lohnarbeit-metall.de\/index.php\/wp-json\/wp\/v2\/pages\/576\/revisions"}],"predecessor-version":[{"id":577,"href":"https:\/\/www.lohnarbeit-metall.de\/index.php\/wp-json\/wp\/v2\/pages\/576\/revisions\/577"}],"wp:attachment":[{"href":"https:\/\/www.lohnarbeit-metall.de\/index.php\/wp-json\/wp\/v2\/media?parent=576"}],"curies":[{"name":"wp","href":"https:\/\/api.w.org\/{rel}","templated":true}]}}