{"id":3,"date":"2025-07-29T08:16:13","date_gmt":"2025-07-29T08:16:13","guid":{"rendered":"https:\/\/www.lohnarbeit-metall.de\/?page_id=3"},"modified":"2025-12-22T10:14:55","modified_gmt":"2025-12-22T10:14:55","slug":"impressum","status":"publish","type":"page","link":"https:\/\/www.lohnarbeit-metall.de\/index.php\/impressum\/","title":{"rendered":"Impressum"},"content":{"rendered":"\n<h2 class=\"wp-block-heading\"><\/h2>\n\n\n\n<h2 class=\"wp-block-heading\">Hans M\u00fcller Mechanische Werkstatt GmbH &amp; Co. KG<\/h2>\n\n\n\n<p>Edinger Str. 19<br>35764 Sinn-Fleisbach<\/p>\n\n\n\n<p>Telefon:&nbsp;<a href=\"tel:+49277251088\">(02772) 5 10 88<\/a><br>Fax: (02772) 5 57 35<\/p>\n\n\n\n<p>E-Mail:&nbsp;<a href=\"mailto:info@mueller-zulieferer.de\">info@mueller-zulieferer.de<\/a><\/p>\n\n\n\n<p><strong>Gesch\u00e4ftsform:<\/strong><br>GmbH &amp; Co. KG<\/p>\n\n\n\n<p><strong>Gesch\u00e4ftsf\u00fchrer und f\u00fcr den Inhalt dieser Seite verantwortlich:<\/strong><br>M\u00fcller GmbH, Gesch\u00e4ftsf\u00fchrer Thomas M\u00fcller<\/p>\n\n\n\n<p><strong>Handelsregister, Amtsgericht Wetzlar, HRA 6078<\/strong><\/p>\n\n\n\n<p><strong>Umsatzsteuer-ID:<\/strong><br>DE-111 797 014<\/p>\n\n\n\n<p><\/p>\n","protected":false},"excerpt":{"rendered":"<p>Hans M\u00fcller Mechanische Werkstatt GmbH &amp; Co. KG Edinger Str. 1935764 Sinn-Fleisbach Telefon:&nbsp;(02772) 5 10 88Fax: (02772) 5 57 35 E-Mail:&nbsp;info@mueller-zulieferer.de Gesch\u00e4ftsform:GmbH &amp; Co. KG Gesch\u00e4ftsf\u00fchrer und f\u00fcr den Inhalt dieser Seite verantwortlich:M\u00fcller GmbH, Gesch\u00e4ftsf\u00fchrer Thomas M\u00fcller Handelsregister, Amtsgericht Wetzlar, HRA 6078 Umsatzsteuer-ID:DE-111 797 014<\/p>\n","protected":false},"author":1,"featured_media":0,"parent":0,"menu_order":0,"comment_status":"closed","ping_status":"closed","template":"","meta":{"footnotes":""},"class_list":["post-3","page","type-page","status-publish","hentry"],"_links":{"self":[{"href":"https:\/\/www.lohnarbeit-metall.de\/index.php\/wp-json\/wp\/v2\/pages\/3","targetHints":{"allow":["GET"]}}],"collection":[{"href":"https:\/\/www.lohnarbeit-metall.de\/index.php\/wp-json\/wp\/v2\/pages"}],"about":[{"href":"https:\/\/www.lohnarbeit-metall.de\/index.php\/wp-json\/wp\/v2\/types\/page"}],"author":[{"embeddable":true,"href":"https:\/\/www.lohnarbeit-metall.de\/index.php\/wp-json\/wp\/v2\/users\/1"}],"replies":[{"embeddable":true,"href":"https:\/\/www.lohnarbeit-metall.de\/index.php\/wp-json\/wp\/v2\/comments?post=3"}],"version-history":[{"count":1,"href":"https:\/\/www.lohnarbeit-metall.de\/index.php\/wp-json\/wp\/v2\/pages\/3\/revisions"}],"predecessor-version":[{"id":574,"href":"https:\/\/www.lohnarbeit-metall.de\/index.php\/wp-json\/wp\/v2\/pages\/3\/revisions\/574"}],"wp:attachment":[{"href":"https:\/\/www.lohnarbeit-metall.de\/index.php\/wp-json\/wp\/v2\/media?parent=3"}],"curies":[{"name":"wp","href":"https:\/\/api.w.org\/{rel}","templated":true}]}}